{"id":694,"date":"2018-05-16T19:38:38","date_gmt":"2018-05-16T19:38:38","guid":{"rendered":"https:\/\/themedemo.commercegurus.com\/shoptimizer\/?post_type=product&#038;p=694"},"modified":"2024-03-04T20:36:39","modified_gmt":"2024-03-04T20:36:39","slug":"package-tout-compris-2","status":"publish","type":"product","link":"https:\/\/www.spotsurfmaroc.com\/fr\/produit\/package-tout-compris-2\/","title":{"rendered":"package tout compris"},"content":{"rendered":"","protected":false},"excerpt":{"rendered":"<p>The all-inclusive package is the most popular package for a good reason. It covers everything you could hope to enjoy while visiting this area for an incredibly fair price. You will enjoy all Morocco offers from the surf, yoga, fantastic cuisine, exotic souks, paradise valley trip, and a photographer capturing the highlights! Let us make this adventure one you will never forget!<\/p>\n<p>What\u2019s included:<\/p>\n<p><i class=\"fa fa-check\" aria-hidden=\"true\"><\/i> 7 Nights&#8217; Accommodation<br \/>\n<i class=\"fa fa-check\" aria-hidden=\"true\"><\/i> 8 petits d\u00e9jeuners<br \/>\n<i class=\"fa fa-check\" aria-hidden=\"true\"><\/i> 7 d\u00e9jeuners sains<br \/>\n<i class=\"fa fa-check\" aria-hidden=\"true\"><\/i> 7 d\u00eeners sains<br \/>\n<i class=\"fa fa-check\" aria-hidden=\"true\"><\/i> Soir\u00e9e barbecue<br \/>\n<i class=\"fa fa-check\" aria-hidden=\"true\"><\/i> 5 jours x 1 le\u00e7on de surf par jour<br \/>\n<i class=\"fa fa-check\" aria-hidden=\"true\"><\/i> 5 jours de transferts pour les spots de surf<br \/>\n<i class=\"fa fa-check\" aria-hidden=\"true\"><\/i> 7 jours de location de combinaison<br \/>\n<i class=\"fa fa-check\" aria-hidden=\"true\"><\/i> 7 jours de location de la planche de surf<br \/>\n<i class=\"fa fa-check\" aria-hidden=\"true\"><\/i> Trip to Imsouane<br \/>\n<i class=\"fa fa-check\" aria-hidden=\"true\"><\/i> SandBoarding<br \/>\n<i class=\"fa fa-check\" aria-hidden=\"true\"><\/i> Utilisation gratuite de l'\u00e9quipement de surf.<br \/>\n<i class=\"fa fa-check\" aria-hidden=\"true\"><\/i> 2 s\u00e9ances de yoga au coucher du soleil<br \/>\n<i class=\"fa fa-check\" aria-hidden=\"true\"><\/i> Album de photos de surf<br \/>\n<i class=\"fa fa-check\" aria-hidden=\"true\"><\/i> Terrasse panoramique<br \/>\n<i class=\"fa fa-check\" aria-hidden=\"true\"><\/i> Acc\u00e8s Internet WiFi gratuit (Internet haut d\u00e9bit fibre optique)<br \/>\n<i class=\"fa fa-check\" aria-hidden=\"true\"><\/i> Visite du Souk (march\u00e9 traditionnel d'Agadir)<br \/>\n<i class=\"fa fa-check\" aria-hidden=\"true\"><\/i> Ramassage gratuit \u00e0 l'a\u00e9roport ou \u00e0 la gare routi\u00e8re d'Agadir.<\/p>","protected":false},"featured_media":6765,"template":"","meta":[],"product_brand":[],"product_cat":[51],"product_tag":[],"class_list":{"0":"post-694","1":"product","2":"type-product","3":"status-publish","4":"has-post-thumbnail","6":"product_cat-packages","8":"first","9":"instock","10":"sale","11":"featured","12":"shipping-taxable","13":"product-type-external"},"yoast_head":"<!-- This site is optimized with the Yoast SEO Premium plugin v27.1 (Yoast SEO v27.1.1) - https:\/\/yoast.com\/product\/yoast-seo-premium-wordpress\/ -->\n<title>All Inclusive Package - Spot Surf Maroc<\/title>\n<meta name=\"robots\" content=\"index, follow, max-snippet:-1, max-image-preview:large, max-video-preview:-1\" \/>\n<link rel=\"canonical\" href=\"https:\/\/www.spotsurfmaroc.com\/fr\/produit\/package-tout-compris-2\/\" \/>\n<meta property=\"og:locale\" content=\"fr_FR\" \/>\n<meta property=\"og:type\" content=\"article\" \/>\n<meta property=\"og:title\" content=\"All Inclusive Package\" \/>\n<meta property=\"og:description\" content=\"Spot Surf Maroc, located in the Holy Sanctuary of Surf Taghazout, Morocco, is a small and relaxed village situated about 17km from the center of Agadir. There are several world-class surf spots within walking distance. The area gets 330 days of sunshine per year, which becomes apparent when you look at the environment.You are on the side of the Sahara Desert.\" \/>\n<meta property=\"og:url\" content=\"https:\/\/www.spotsurfmaroc.com\/fr\/produit\/package-tout-compris-2\/\" \/>\n<meta property=\"og:site_name\" content=\"Spot Surf Maroc\" \/>\n<meta property=\"article:modified_time\" content=\"2024-03-04T20:36:39+00:00\" \/>\n<meta property=\"og:image\" content=\"https:\/\/www.spotsurfmaroc.com\/wp-content\/uploads\/2018\/05\/All-Inclusive-Package.jpg\" \/>\n\t<meta property=\"og:image:width\" content=\"1500\" \/>\n\t<meta property=\"og:image:height\" content=\"1280\" \/>\n\t<meta property=\"og:image:type\" content=\"image\/jpeg\" \/>\n<meta name=\"twitter:card\" content=\"summary_large_image\" \/>\n<meta name=\"twitter:label1\" content=\"Dur\u00e9e de lecture estim\u00e9e\" \/>\n\t<meta name=\"twitter:data1\" content=\"1 minute\" \/>\n<script type=\"application\/ld+json\" class=\"yoast-schema-graph\">{\"@context\":\"https:\/\/schema.org\",\"@graph\":[{\"@type\":\"WebPage\",\"@id\":\"https:\/\/www.spotsurfmaroc.com\/product\/all-inclusive-package\/\",\"url\":\"https:\/\/www.spotsurfmaroc.com\/product\/all-inclusive-package\/\",\"name\":\"All Inclusive Package - Spot Surf Maroc\",\"isPartOf\":{\"@id\":\"https:\/\/www.spotsurfmaroc.com\/#website\"},\"primaryImageOfPage\":{\"@id\":\"https:\/\/www.spotsurfmaroc.com\/product\/all-inclusive-package\/#primaryimage\"},\"image\":{\"@id\":\"https:\/\/www.spotsurfmaroc.com\/product\/all-inclusive-package\/#primaryimage\"},\"thumbnailUrl\":\"https:\/\/www.spotsurfmaroc.com\/wp-content\/uploads\/2018\/05\/All-Inclusive-Package.jpg\",\"datePublished\":\"2018-05-16T19:38:38+00:00\",\"dateModified\":\"2024-03-04T20:36:39+00:00\",\"breadcrumb\":{\"@id\":\"https:\/\/www.spotsurfmaroc.com\/product\/all-inclusive-package\/#breadcrumb\"},\"inLanguage\":\"fr-FR\",\"potentialAction\":[{\"@type\":\"ReadAction\",\"target\":[\"https:\/\/www.spotsurfmaroc.com\/product\/all-inclusive-package\/\"]}]},{\"@type\":\"ImageObject\",\"inLanguage\":\"fr-FR\",\"@id\":\"https:\/\/www.spotsurfmaroc.com\/product\/all-inclusive-package\/#primaryimage\",\"url\":\"https:\/\/www.spotsurfmaroc.com\/wp-content\/uploads\/2018\/05\/All-Inclusive-Package.jpg\",\"contentUrl\":\"https:\/\/www.spotsurfmaroc.com\/wp-content\/uploads\/2018\/05\/All-Inclusive-Package.jpg\",\"width\":1500,\"height\":1280,\"caption\":\"Spot Surf Maroc\"},{\"@type\":\"BreadcrumbList\",\"@id\":\"https:\/\/www.spotsurfmaroc.com\/product\/all-inclusive-package\/#breadcrumb\",\"itemListElement\":[{\"@type\":\"ListItem\",\"position\":1,\"name\":\"Home\",\"item\":\"https:\/\/www.spotsurfmaroc.com\/\"},{\"@type\":\"ListItem\",\"position\":2,\"name\":\"Products\",\"item\":\"https:\/\/www.spotsurfmaroc.com\/shop\/\"},{\"@type\":\"ListItem\",\"position\":3,\"name\":\"All Inclusive Package\"}]},{\"@type\":\"WebSite\",\"@id\":\"https:\/\/www.spotsurfmaroc.com\/#website\",\"url\":\"https:\/\/www.spotsurfmaroc.com\/\",\"name\":\"Spot Surf Maroc\",\"description\":\"Get Ready For Epic Surf Holiday\",\"publisher\":{\"@id\":\"https:\/\/www.spotsurfmaroc.com\/#organization\"},\"potentialAction\":[{\"@type\":\"SearchAction\",\"target\":{\"@type\":\"EntryPoint\",\"urlTemplate\":\"https:\/\/www.spotsurfmaroc.com\/?s={search_term_string}\"},\"query-input\":{\"@type\":\"PropertyValueSpecification\",\"valueRequired\":true,\"valueName\":\"search_term_string\"}}],\"inLanguage\":\"fr-FR\"},{\"@type\":\"Organization\",\"@id\":\"https:\/\/www.spotsurfmaroc.com\/#organization\",\"name\":\"Sopt Surf Maroc\",\"url\":\"https:\/\/www.spotsurfmaroc.com\/\",\"logo\":{\"@type\":\"ImageObject\",\"inLanguage\":\"fr-FR\",\"@id\":\"https:\/\/www.spotsurfmaroc.com\/#\/schema\/logo\/image\/\",\"url\":\"https:\/\/www.spotsurfmaroc.com\/wp-content\/uploads\/2021\/09\/cropped-spotsurfmaroc-1.png\",\"contentUrl\":\"https:\/\/www.spotsurfmaroc.com\/wp-content\/uploads\/2021\/09\/cropped-spotsurfmaroc-1.png\",\"width\":374,\"height\":269,\"caption\":\"Sopt Surf Maroc\"},\"image\":{\"@id\":\"https:\/\/www.spotsurfmaroc.com\/#\/schema\/logo\/image\/\"}}]}<\/script>\n<!-- \/ Yoast SEO Premium plugin. -->","yoast_head_json":{"title":"package tout compris - Spot Surf Maroc","robots":{"index":"index","follow":"follow","max-snippet":"max-snippet:-1","max-image-preview":"max-image-preview:large","max-video-preview":"max-video-preview:-1"},"canonical":"https:\/\/www.spotsurfmaroc.com\/fr\/produit\/package-tout-compris-2\/","og_locale":"fr_FR","og_type":"article","og_title":"All Inclusive Package","og_description":"Spot Surf Maroc, located in the Holy Sanctuary of Surf Taghazout, Morocco, is a small and relaxed village situated about 17km from the center of Agadir. There are several world-class surf spots within walking distance. The area gets 330 days of sunshine per year, which becomes apparent when you look at the environment.You are on the side of the Sahara Desert.","og_url":"https:\/\/www.spotsurfmaroc.com\/fr\/produit\/package-tout-compris-2\/","og_site_name":"Spot Surf Maroc","article_modified_time":"2024-03-04T20:36:39+00:00","og_image":[{"width":1500,"height":1280,"url":"https:\/\/www.spotsurfmaroc.com\/wp-content\/uploads\/2018\/05\/All-Inclusive-Package.jpg","type":"image\/jpeg"}],"twitter_card":"summary_large_image","twitter_misc":{"Dur\u00e9e de lecture estim\u00e9e":"1 minute"},"schema":{"@context":"https:\/\/schema.org","@graph":[{"@type":"WebPage","@id":"https:\/\/www.spotsurfmaroc.com\/product\/all-inclusive-package\/","url":"https:\/\/www.spotsurfmaroc.com\/product\/all-inclusive-package\/","name":"package tout compris - Spot Surf Maroc","isPartOf":{"@id":"https:\/\/www.spotsurfmaroc.com\/#website"},"primaryImageOfPage":{"@id":"https:\/\/www.spotsurfmaroc.com\/product\/all-inclusive-package\/#primaryimage"},"image":{"@id":"https:\/\/www.spotsurfmaroc.com\/product\/all-inclusive-package\/#primaryimage"},"thumbnailUrl":"https:\/\/www.spotsurfmaroc.com\/wp-content\/uploads\/2018\/05\/All-Inclusive-Package.jpg","datePublished":"2018-05-16T19:38:38+00:00","dateModified":"2024-03-04T20:36:39+00:00","breadcrumb":{"@id":"https:\/\/www.spotsurfmaroc.com\/product\/all-inclusive-package\/#breadcrumb"},"inLanguage":"fr-FR","potentialAction":[{"@type":"ReadAction","target":["https:\/\/www.spotsurfmaroc.com\/product\/all-inclusive-package\/"]}]},{"@type":"ImageObject","inLanguage":"fr-FR","@id":"https:\/\/www.spotsurfmaroc.com\/product\/all-inclusive-package\/#primaryimage","url":"https:\/\/www.spotsurfmaroc.com\/wp-content\/uploads\/2018\/05\/All-Inclusive-Package.jpg","contentUrl":"https:\/\/www.spotsurfmaroc.com\/wp-content\/uploads\/2018\/05\/All-Inclusive-Package.jpg","width":1500,"height":1280,"caption":"Spot Surf Maroc"},{"@type":"BreadcrumbList","@id":"https:\/\/www.spotsurfmaroc.com\/product\/all-inclusive-package\/#breadcrumb","itemListElement":[{"@type":"ListItem","position":1,"name":"Home","item":"https:\/\/www.spotsurfmaroc.com\/"},{"@type":"ListItem","position":2,"name":"Products","item":"https:\/\/www.spotsurfmaroc.com\/shop\/"},{"@type":"ListItem","position":3,"name":"All Inclusive Package"}]},{"@type":"WebSite","@id":"https:\/\/www.spotsurfmaroc.com\/#website","url":"https:\/\/www.spotsurfmaroc.com\/","name":"Spot Surf Maroc","description":"preparer vous pour des vacances de surf \u00e9pique","publisher":{"@id":"https:\/\/www.spotsurfmaroc.com\/#organization"},"potentialAction":[{"@type":"SearchAction","target":{"@type":"EntryPoint","urlTemplate":"https:\/\/www.spotsurfmaroc.com\/?s={search_term_string}"},"query-input":{"@type":"PropertyValueSpecification","valueRequired":true,"valueName":"search_term_string"}}],"inLanguage":"fr-FR"},{"@type":"Organization","@id":"https:\/\/www.spotsurfmaroc.com\/#organization","name":"spot surf maroc","url":"https:\/\/www.spotsurfmaroc.com\/","logo":{"@type":"ImageObject","inLanguage":"fr-FR","@id":"https:\/\/www.spotsurfmaroc.com\/#\/schema\/logo\/image\/","url":"https:\/\/www.spotsurfmaroc.com\/wp-content\/uploads\/2021\/09\/cropped-spotsurfmaroc-1.png","contentUrl":"https:\/\/www.spotsurfmaroc.com\/wp-content\/uploads\/2021\/09\/cropped-spotsurfmaroc-1.png","width":374,"height":269,"caption":"Sopt Surf Maroc"},"image":{"@id":"https:\/\/www.spotsurfmaroc.com\/#\/schema\/logo\/image\/"}}]}},"_links":{"self":[{"href":"https:\/\/www.spotsurfmaroc.com\/fr\/wp-json\/wp\/v2\/product\/694","targetHints":{"allow":["GET"]}}],"collection":[{"href":"https:\/\/www.spotsurfmaroc.com\/fr\/wp-json\/wp\/v2\/product"}],"about":[{"href":"https:\/\/www.spotsurfmaroc.com\/fr\/wp-json\/wp\/v2\/types\/product"}],"wp:featuredmedia":[{"embeddable":true,"href":"https:\/\/www.spotsurfmaroc.com\/fr\/wp-json\/wp\/v2\/media\/6765"}],"wp:attachment":[{"href":"https:\/\/www.spotsurfmaroc.com\/fr\/wp-json\/wp\/v2\/media?parent=694"}],"wp:term":[{"taxonomy":"product_brand","embeddable":true,"href":"https:\/\/www.spotsurfmaroc.com\/fr\/wp-json\/wp\/v2\/product_brand?post=694"},{"taxonomy":"product_cat","embeddable":true,"href":"https:\/\/www.spotsurfmaroc.com\/fr\/wp-json\/wp\/v2\/product_cat?post=694"},{"taxonomy":"product_tag","embeddable":true,"href":"https:\/\/www.spotsurfmaroc.com\/fr\/wp-json\/wp\/v2\/product_tag?post=694"}],"curies":[{"name":"wp","href":"https:\/\/api.w.org\/{rel}","templated":true}]}}