{"id":6809,"date":"2021-09-15T22:04:51","date_gmt":"2021-09-15T22:04:51","guid":{"rendered":"https:\/\/www.spotsurfmaroc.com\/?post_type=product&#038;p=6809"},"modified":"2024-02-26T15:10:41","modified_gmt":"2024-02-26T15:10:41","slug":"package-surf-yoga-en-famille","status":"publish","type":"product","link":"https:\/\/www.spotsurfmaroc.com\/fr\/produit\/package-surf-yoga-en-famille\/","title":{"rendered":"package familial surf et yoga"},"content":{"rendered":"<div data-elementor-type=\"wp-post\" data-elementor-id=\"6809\" class=\"elementor elementor-6809\" data-elementor-post-type=\"product\">\n\t\t\t\t\t\t<section class=\"elementor-section elementor-top-section elementor-element elementor-element-7b3c3462 elementor-section-content-middle elementor-section-boxed elementor-section-height-default elementor-section-height-default\" data-id=\"7b3c3462\" data-element_type=\"section\" data-e-type=\"section\">\n\t\t\t\t\t\t<div class=\"elementor-container elementor-column-gap-wide\">\n\t\t\t\t\t<div class=\"elementor-column elementor-col-50 elementor-top-column elementor-element elementor-element-5c838a37\" data-id=\"5c838a37\" data-element_type=\"column\" data-e-type=\"column\">\n\t\t\t<div class=\"elementor-widget-wrap elementor-element-populated\">\n\t\t\t\t\t\t<div class=\"elementor-element elementor-element-10f5243 elementor-widget elementor-widget-text-editor\" data-id=\"10f5243\" data-element_type=\"widget\" data-e-type=\"widget\" data-widget_type=\"text-editor.default\">\n\t\t\t\t<div class=\"elementor-widget-container\">\n\t\t\t\t\t\t\t\t\t<h2>This item is ethically produced<\/h2><p>Pellentesque habitant morbi tristique senectus et netus et malesuada fames ac turpis egestas. Vestibulum tortor quam, feugiat vitae, ultricies eget, tempor sit amet, ante. Donec eu libero sit amet quam egestas semper. Aenean ultricies mi vitae est. Mauris placerat eleifend leo.<\/p>\t\t\t\t\t\t\t\t<\/div>\n\t\t\t\t<\/div>\n\t\t\t\t\t<\/div>\n\t\t<\/div>\n\t\t\t\t<div class=\"elementor-column elementor-col-50 elementor-top-column elementor-element elementor-element-3f7bdf6c\" data-id=\"3f7bdf6c\" data-element_type=\"column\" data-e-type=\"column\">\n\t\t\t<div class=\"elementor-widget-wrap elementor-element-populated\">\n\t\t\t\t\t\t<div class=\"elementor-element elementor-element-28fe1a92 elementor-widget elementor-widget-image\" data-id=\"28fe1a92\" data-element_type=\"widget\" data-e-type=\"widget\" data-widget_type=\"image.default\">\n\t\t\t\t<div class=\"elementor-widget-container\">\n\t\t\t\t\t\t\t\t\t\t\t\t\t\t\t<img decoding=\"async\" src=\"https:\/\/themedemo.commercegurus.com\/shoptimizer-demodata\/wp-content\/uploads\/sites\/53\/2018\/05\/520x370.png\" title=\"\" alt=\"\" loading=\"lazy\" \/>\t\t\t\t\t\t\t\t\t\t\t\t\t\t\t<\/div>\n\t\t\t\t<\/div>\n\t\t\t\t\t<\/div>\n\t\t<\/div>\n\t\t\t\t\t<\/div>\n\t\t<\/section>\n\t\t\t\t<section class=\"elementor-section elementor-top-section elementor-element elementor-element-2e685add elementor-section-content-middle elementor-section-boxed elementor-section-height-default elementor-section-height-default\" data-id=\"2e685add\" data-element_type=\"section\" data-e-type=\"section\">\n\t\t\t\t\t\t<div class=\"elementor-container elementor-column-gap-wide\">\n\t\t\t\t\t<div class=\"elementor-column elementor-col-50 elementor-top-column elementor-element elementor-element-32518ae6\" data-id=\"32518ae6\" data-element_type=\"column\" data-e-type=\"column\">\n\t\t\t<div class=\"elementor-widget-wrap elementor-element-populated\">\n\t\t\t\t\t\t<div class=\"elementor-element elementor-element-29baa3b7 elementor-widget elementor-widget-image\" data-id=\"29baa3b7\" data-element_type=\"widget\" data-e-type=\"widget\" data-widget_type=\"image.default\">\n\t\t\t\t<div class=\"elementor-widget-container\">\n\t\t\t\t\t\t\t\t\t\t\t\t\t\t\t<img decoding=\"async\" src=\"https:\/\/themedemo.commercegurus.com\/shoptimizer-demodata\/wp-content\/uploads\/sites\/53\/2018\/05\/520x370.png\" title=\"\" alt=\"\" loading=\"lazy\" \/>\t\t\t\t\t\t\t\t\t\t\t\t\t\t\t<\/div>\n\t\t\t\t<\/div>\n\t\t\t\t\t<\/div>\n\t\t<\/div>\n\t\t\t\t<div class=\"elementor-column elementor-col-50 elementor-top-column elementor-element elementor-element-3479e201\" data-id=\"3479e201\" data-element_type=\"column\" data-e-type=\"column\">\n\t\t\t<div class=\"elementor-widget-wrap elementor-element-populated\">\n\t\t\t\t\t\t<div class=\"elementor-element elementor-element-5341399d elementor-widget elementor-widget-text-editor\" data-id=\"5341399d\" data-element_type=\"widget\" data-e-type=\"widget\" data-widget_type=\"text-editor.default\">\n\t\t\t\t<div class=\"elementor-widget-container\">\n\t\t\t\t\t\t\t\t\t<h2>Hand-made in Sweden<\/h2><p>Pellentesque habitant morbi tristique senectus et netus et malesuada fames ac turpis egestas. Vestibulum tortor quam, feugiat vitae, ultricies eget, tempor sit amet, ante. Donec eu libero sit amet quam egestas semper. Aenean ultricies mi vitae est. Mauris placerat eleifend leo.<\/p>\t\t\t\t\t\t\t\t<\/div>\n\t\t\t\t<\/div>\n\t\t\t\t\t<\/div>\n\t\t<\/div>\n\t\t\t\t\t<\/div>\n\t\t<\/section>\n\t\t\t\t<section class=\"elementor-section elementor-top-section elementor-element elementor-element-5b6c0f40 elementor-section-content-middle elementor-section-boxed elementor-section-height-default elementor-section-height-default\" data-id=\"5b6c0f40\" data-element_type=\"section\" data-e-type=\"section\">\n\t\t\t\t\t\t<div class=\"elementor-container elementor-column-gap-wide\">\n\t\t\t\t\t<div class=\"elementor-column elementor-col-50 elementor-top-column elementor-element elementor-element-4063195d\" data-id=\"4063195d\" data-element_type=\"column\" data-e-type=\"column\">\n\t\t\t<div class=\"elementor-widget-wrap elementor-element-populated\">\n\t\t\t\t\t\t<div class=\"elementor-element elementor-element-273bbe9e elementor-widget elementor-widget-text-editor\" data-id=\"273bbe9e\" data-element_type=\"widget\" data-e-type=\"widget\" data-widget_type=\"text-editor.default\">\n\t\t\t\t<div class=\"elementor-widget-container\">\n\t\t\t\t\t\t\t\t\t<h2>Materials proven to last<\/h2><p>Pellentesque habitant morbi tristique senectus et netus et malesuada fames ac turpis egestas. Vestibulum tortor quam, feugiat vitae, ultricies eget, tempor sit amet, ante. Donec eu libero sit amet quam egestas semper. Aenean ultricies mi vitae est. Mauris placerat eleifend leo.<\/p>\t\t\t\t\t\t\t\t<\/div>\n\t\t\t\t<\/div>\n\t\t\t\t\t<\/div>\n\t\t<\/div>\n\t\t\t\t<div class=\"elementor-column elementor-col-50 elementor-top-column elementor-element elementor-element-5a3d531a\" data-id=\"5a3d531a\" data-element_type=\"column\" data-e-type=\"column\">\n\t\t\t<div class=\"elementor-widget-wrap elementor-element-populated\">\n\t\t\t\t\t\t<div class=\"elementor-element elementor-element-4a67256f elementor-widget elementor-widget-image\" data-id=\"4a67256f\" data-element_type=\"widget\" data-e-type=\"widget\" data-widget_type=\"image.default\">\n\t\t\t\t<div class=\"elementor-widget-container\">\n\t\t\t\t\t\t\t\t\t\t\t\t\t\t\t<img decoding=\"async\" src=\"https:\/\/themedemo.commercegurus.com\/shoptimizer-demodata\/wp-content\/uploads\/sites\/53\/2018\/05\/520x370.png\" title=\"\" alt=\"\" loading=\"lazy\" \/>\t\t\t\t\t\t\t\t\t\t\t\t\t\t\t<\/div>\n\t\t\t\t<\/div>\n\t\t\t\t\t<\/div>\n\t\t<\/div>\n\t\t\t\t\t<\/div>\n\t\t<\/section>\n\t\t\t\t<\/div>","protected":false},"excerpt":{"rendered":"<p>Introducing our exclusive Family Package, designed to provide an unforgettable experience for families of four. Immerse yourselves in a week of adventure, relaxation, and quality time together as you explore the stunning coastline of Morocco and discover the joy of surfing and Yoga.<\/p>\n<p>Ce qui est inclus :<\/p>\n<p><i class=\"fa fa-check\" aria-hidden=\"true\"><\/i> 7 Nights&#8217; Accommodation<br \/>\n<i class=\"fa fa-check\" aria-hidden=\"true\"><\/i> 8 petits d\u00e9jeuners<br \/>\n<i class=\"fa fa-check\" aria-hidden=\"true\"><\/i> 7 d\u00e9jeuners sains<br \/>\n<i class=\"fa fa-check\" aria-hidden=\"true\"><\/i> 7 d\u00eeners sains<br \/>\n<i class=\"fa fa-check\" aria-hidden=\"true\"><\/i> Soir\u00e9e barbecue<br \/>\n<i class=\"fa fa-check\" aria-hidden=\"true\"><\/i> 6 jours x une le\u00e7on par jour<br \/>\n<i class=\"fa fa-check\" aria-hidden=\"true\"><\/i> 1 surf guiding session per day for six days.<br \/>\n<i class=\"fa fa-check\" aria-hidden=\"true\"><\/i> 6 jours de transferts de spots de surf<br \/>\n<i class=\"fa fa-check\" aria-hidden=\"true\"><\/i> 6 jours de location de combinaison<br \/>\n<i class=\"fa fa-check\" aria-hidden=\"true\"><\/i> Location de planche de surf 6 jours<br \/>\n<i class=\"fa fa-check\" aria-hidden=\"true\"><\/i> Utilisation gratuite de l'\u00e9quipement de surf.<br \/>\n<i class=\"fa fa-check\" aria-hidden=\"true\"><\/i> 1 seance de Yoga<br \/>\n<i class=\"fa fa-check\" aria-hidden=\"true\"><\/i> Album de photos de surf<br \/>\n<i class=\"fa fa-check\" aria-hidden=\"true\"><\/i> Terrasse panoramique<br \/>\n<i class=\"fa fa-check\" aria-hidden=\"true\"><\/i> Acc\u00e8s Internet WiFi gratuit (Internet haut d\u00e9bit en fibre optique)<br \/>\n<i class=\"fa fa-check\" aria-hidden=\"true\"><\/i> Hammam local<br \/>\n<i class=\"fa fa-check\" aria-hidden=\"true\"><\/i> Visitez la vall\u00e9e du paradis<br \/>\n<i class=\"fa fa-check\" aria-hidden=\"true\"><\/i> Visite du Souk (march\u00e9 traditionnel d'Agadir)<br \/>\n<i class=\"fa fa-check\" aria-hidden=\"true\"><\/i> transfert gratuit \u00e0 l'a\u00e9roport ou \u00e0 la gare routi\u00e8re d'Agadir.<\/p>","protected":false},"featured_media":6848,"template":"","meta":[],"product_brand":[],"product_cat":[51],"product_tag":[],"class_list":{"0":"post-6809","1":"product","2":"type-product","3":"status-publish","4":"has-post-thumbnail","6":"product_cat-packages","8":"first","9":"instock","10":"sale","11":"shipping-taxable","12":"product-type-external"},"yoast_head":"<!-- This site is optimized with the Yoast SEO Premium plugin v27.1 (Yoast SEO v27.1.1) - https:\/\/yoast.com\/product\/yoast-seo-premium-wordpress\/ -->\n<title>Family Surf &amp; Yoga Package - Spot Surf Maroc<\/title>\n<meta name=\"robots\" content=\"index, follow, max-snippet:-1, max-image-preview:large, max-video-preview:-1\" \/>\n<link rel=\"canonical\" href=\"https:\/\/www.spotsurfmaroc.com\/fr\/produit\/package-surf-yoga-en-famille\/\" \/>\n<meta property=\"og:locale\" content=\"fr_FR\" \/>\n<meta property=\"og:type\" content=\"article\" \/>\n<meta property=\"og:title\" content=\"Family Surf &amp; Yoga Package\" \/>\n<meta property=\"og:description\" content=\"Spot Surf Maroc, located in the Holy Sanctuary of Surf Taghazout, Morocco, is a small and relaxed village situated about 17km from the center of Agadir. There are several world-class surf spots within walking distance. The area gets 330 days of sunshine per year, which becomes apparent when you look at the environment.You are on the side of the Sahara Desert.\" \/>\n<meta property=\"og:url\" content=\"https:\/\/www.spotsurfmaroc.com\/fr\/produit\/package-surf-yoga-en-famille\/\" \/>\n<meta property=\"og:site_name\" content=\"Spot Surf Maroc\" \/>\n<meta property=\"article:modified_time\" content=\"2024-02-26T15:10:41+00:00\" \/>\n<meta property=\"og:image\" content=\"https:\/\/www.spotsurfmaroc.com\/wp-content\/uploads\/2021\/09\/Family-Package.jpg\" \/>\n\t<meta property=\"og:image:width\" content=\"1000\" \/>\n\t<meta property=\"og:image:height\" content=\"562\" \/>\n\t<meta property=\"og:image:type\" content=\"image\/jpeg\" \/>\n<meta name=\"twitter:card\" content=\"summary_large_image\" \/>\n<meta name=\"twitter:label1\" content=\"Dur\u00e9e de lecture estim\u00e9e\" \/>\n\t<meta name=\"twitter:data1\" content=\"1 minute\" \/>\n<script type=\"application\/ld+json\" class=\"yoast-schema-graph\">{\"@context\":\"https:\/\/schema.org\",\"@graph\":[{\"@type\":\"WebPage\",\"@id\":\"https:\/\/www.spotsurfmaroc.com\/product\/family-surf-yoga-package\/\",\"url\":\"https:\/\/www.spotsurfmaroc.com\/product\/family-surf-yoga-package\/\",\"name\":\"Family Surf & Yoga Package - Spot Surf Maroc\",\"isPartOf\":{\"@id\":\"https:\/\/www.spotsurfmaroc.com\/#website\"},\"primaryImageOfPage\":{\"@id\":\"https:\/\/www.spotsurfmaroc.com\/product\/family-surf-yoga-package\/#primaryimage\"},\"image\":{\"@id\":\"https:\/\/www.spotsurfmaroc.com\/product\/family-surf-yoga-package\/#primaryimage\"},\"thumbnailUrl\":\"https:\/\/www.spotsurfmaroc.com\/wp-content\/uploads\/2021\/09\/Family-Package.jpg\",\"datePublished\":\"2021-09-15T22:04:51+00:00\",\"dateModified\":\"2024-02-26T15:10:41+00:00\",\"breadcrumb\":{\"@id\":\"https:\/\/www.spotsurfmaroc.com\/product\/family-surf-yoga-package\/#breadcrumb\"},\"inLanguage\":\"fr-FR\",\"potentialAction\":[{\"@type\":\"ReadAction\",\"target\":[\"https:\/\/www.spotsurfmaroc.com\/product\/family-surf-yoga-package\/\"]}]},{\"@type\":\"ImageObject\",\"inLanguage\":\"fr-FR\",\"@id\":\"https:\/\/www.spotsurfmaroc.com\/product\/family-surf-yoga-package\/#primaryimage\",\"url\":\"https:\/\/www.spotsurfmaroc.com\/wp-content\/uploads\/2021\/09\/Family-Package.jpg\",\"contentUrl\":\"https:\/\/www.spotsurfmaroc.com\/wp-content\/uploads\/2021\/09\/Family-Package.jpg\",\"width\":1000,\"height\":562},{\"@type\":\"BreadcrumbList\",\"@id\":\"https:\/\/www.spotsurfmaroc.com\/product\/family-surf-yoga-package\/#breadcrumb\",\"itemListElement\":[{\"@type\":\"ListItem\",\"position\":1,\"name\":\"Home\",\"item\":\"https:\/\/www.spotsurfmaroc.com\/\"},{\"@type\":\"ListItem\",\"position\":2,\"name\":\"Products\",\"item\":\"https:\/\/www.spotsurfmaroc.com\/shop\/\"},{\"@type\":\"ListItem\",\"position\":3,\"name\":\"Family Surf &#038; Yoga Package\"}]},{\"@type\":\"WebSite\",\"@id\":\"https:\/\/www.spotsurfmaroc.com\/#website\",\"url\":\"https:\/\/www.spotsurfmaroc.com\/\",\"name\":\"Spot Surf Maroc\",\"description\":\"Get Ready For Epic Surf Holiday\",\"publisher\":{\"@id\":\"https:\/\/www.spotsurfmaroc.com\/#organization\"},\"potentialAction\":[{\"@type\":\"SearchAction\",\"target\":{\"@type\":\"EntryPoint\",\"urlTemplate\":\"https:\/\/www.spotsurfmaroc.com\/?s={search_term_string}\"},\"query-input\":{\"@type\":\"PropertyValueSpecification\",\"valueRequired\":true,\"valueName\":\"search_term_string\"}}],\"inLanguage\":\"fr-FR\"},{\"@type\":\"Organization\",\"@id\":\"https:\/\/www.spotsurfmaroc.com\/#organization\",\"name\":\"Sopt Surf Maroc\",\"url\":\"https:\/\/www.spotsurfmaroc.com\/\",\"logo\":{\"@type\":\"ImageObject\",\"inLanguage\":\"fr-FR\",\"@id\":\"https:\/\/www.spotsurfmaroc.com\/#\/schema\/logo\/image\/\",\"url\":\"https:\/\/www.spotsurfmaroc.com\/wp-content\/uploads\/2021\/09\/cropped-spotsurfmaroc-1.png\",\"contentUrl\":\"https:\/\/www.spotsurfmaroc.com\/wp-content\/uploads\/2021\/09\/cropped-spotsurfmaroc-1.png\",\"width\":374,\"height\":269,\"caption\":\"Sopt Surf Maroc\"},\"image\":{\"@id\":\"https:\/\/www.spotsurfmaroc.com\/#\/schema\/logo\/image\/\"}}]}<\/script>\n<!-- \/ Yoast SEO Premium plugin. -->","yoast_head_json":{"title":"Package familial Surf et Yoga- Spot surf maroc","robots":{"index":"index","follow":"follow","max-snippet":"max-snippet:-1","max-image-preview":"max-image-preview:large","max-video-preview":"max-video-preview:-1"},"canonical":"https:\/\/www.spotsurfmaroc.com\/fr\/produit\/package-surf-yoga-en-famille\/","og_locale":"fr_FR","og_type":"article","og_title":"Family Surf & Yoga Package","og_description":"Spot Surf Maroc, located in the Holy Sanctuary of Surf Taghazout, Morocco, is a small and relaxed village situated about 17km from the center of Agadir. There are several world-class surf spots within walking distance. The area gets 330 days of sunshine per year, which becomes apparent when you look at the environment.You are on the side of the Sahara Desert.","og_url":"https:\/\/www.spotsurfmaroc.com\/fr\/produit\/package-surf-yoga-en-famille\/","og_site_name":"Spot Surf Maroc","article_modified_time":"2024-02-26T15:10:41+00:00","og_image":[{"width":1000,"height":562,"url":"https:\/\/www.spotsurfmaroc.com\/wp-content\/uploads\/2021\/09\/Family-Package.jpg","type":"image\/jpeg"}],"twitter_card":"summary_large_image","twitter_misc":{"Dur\u00e9e de lecture estim\u00e9e":"1 minute"},"schema":{"@context":"https:\/\/schema.org","@graph":[{"@type":"WebPage","@id":"https:\/\/www.spotsurfmaroc.com\/product\/family-surf-yoga-package\/","url":"https:\/\/www.spotsurfmaroc.com\/product\/family-surf-yoga-package\/","name":"Package familial Surf et Yoga- Spot surf maroc","isPartOf":{"@id":"https:\/\/www.spotsurfmaroc.com\/#website"},"primaryImageOfPage":{"@id":"https:\/\/www.spotsurfmaroc.com\/product\/family-surf-yoga-package\/#primaryimage"},"image":{"@id":"https:\/\/www.spotsurfmaroc.com\/product\/family-surf-yoga-package\/#primaryimage"},"thumbnailUrl":"https:\/\/www.spotsurfmaroc.com\/wp-content\/uploads\/2021\/09\/Family-Package.jpg","datePublished":"2021-09-15T22:04:51+00:00","dateModified":"2024-02-26T15:10:41+00:00","breadcrumb":{"@id":"https:\/\/www.spotsurfmaroc.com\/product\/family-surf-yoga-package\/#breadcrumb"},"inLanguage":"fr-FR","potentialAction":[{"@type":"ReadAction","target":["https:\/\/www.spotsurfmaroc.com\/product\/family-surf-yoga-package\/"]}]},{"@type":"ImageObject","inLanguage":"fr-FR","@id":"https:\/\/www.spotsurfmaroc.com\/product\/family-surf-yoga-package\/#primaryimage","url":"https:\/\/www.spotsurfmaroc.com\/wp-content\/uploads\/2021\/09\/Family-Package.jpg","contentUrl":"https:\/\/www.spotsurfmaroc.com\/wp-content\/uploads\/2021\/09\/Family-Package.jpg","width":1000,"height":562},{"@type":"BreadcrumbList","@id":"https:\/\/www.spotsurfmaroc.com\/product\/family-surf-yoga-package\/#breadcrumb","itemListElement":[{"@type":"ListItem","position":1,"name":"Home","item":"https:\/\/www.spotsurfmaroc.com\/"},{"@type":"ListItem","position":2,"name":"Products","item":"https:\/\/www.spotsurfmaroc.com\/shop\/"},{"@type":"ListItem","position":3,"name":"Family Surf &#038; Yoga Package"}]},{"@type":"WebSite","@id":"https:\/\/www.spotsurfmaroc.com\/#website","url":"https:\/\/www.spotsurfmaroc.com\/","name":"Spot Surf Maroc","description":"preparer vous pour des vacances de surf \u00e9pique","publisher":{"@id":"https:\/\/www.spotsurfmaroc.com\/#organization"},"potentialAction":[{"@type":"SearchAction","target":{"@type":"EntryPoint","urlTemplate":"https:\/\/www.spotsurfmaroc.com\/?s={search_term_string}"},"query-input":{"@type":"PropertyValueSpecification","valueRequired":true,"valueName":"search_term_string"}}],"inLanguage":"fr-FR"},{"@type":"Organization","@id":"https:\/\/www.spotsurfmaroc.com\/#organization","name":"spot surf maroc","url":"https:\/\/www.spotsurfmaroc.com\/","logo":{"@type":"ImageObject","inLanguage":"fr-FR","@id":"https:\/\/www.spotsurfmaroc.com\/#\/schema\/logo\/image\/","url":"https:\/\/www.spotsurfmaroc.com\/wp-content\/uploads\/2021\/09\/cropped-spotsurfmaroc-1.png","contentUrl":"https:\/\/www.spotsurfmaroc.com\/wp-content\/uploads\/2021\/09\/cropped-spotsurfmaroc-1.png","width":374,"height":269,"caption":"Sopt Surf Maroc"},"image":{"@id":"https:\/\/www.spotsurfmaroc.com\/#\/schema\/logo\/image\/"}}]}},"_links":{"self":[{"href":"https:\/\/www.spotsurfmaroc.com\/fr\/wp-json\/wp\/v2\/product\/6809","targetHints":{"allow":["GET"]}}],"collection":[{"href":"https:\/\/www.spotsurfmaroc.com\/fr\/wp-json\/wp\/v2\/product"}],"about":[{"href":"https:\/\/www.spotsurfmaroc.com\/fr\/wp-json\/wp\/v2\/types\/product"}],"wp:featuredmedia":[{"embeddable":true,"href":"https:\/\/www.spotsurfmaroc.com\/fr\/wp-json\/wp\/v2\/media\/6848"}],"wp:attachment":[{"href":"https:\/\/www.spotsurfmaroc.com\/fr\/wp-json\/wp\/v2\/media?parent=6809"}],"wp:term":[{"taxonomy":"product_brand","embeddable":true,"href":"https:\/\/www.spotsurfmaroc.com\/fr\/wp-json\/wp\/v2\/product_brand?post=6809"},{"taxonomy":"product_cat","embeddable":true,"href":"https:\/\/www.spotsurfmaroc.com\/fr\/wp-json\/wp\/v2\/product_cat?post=6809"},{"taxonomy":"product_tag","embeddable":true,"href":"https:\/\/www.spotsurfmaroc.com\/fr\/wp-json\/wp\/v2\/product_tag?post=6809"}],"curies":[{"name":"wp","href":"https:\/\/api.w.org\/{rel}","templated":true}]}}