{"id":1004,"date":"2020-10-09T13:39:05","date_gmt":"2020-10-09T13:39:05","guid":{"rendered":"http:\/\/shoptimizer.local\/?page_id=848"},"modified":"2025-10-02T20:54:08","modified_gmt":"2025-10-02T20:54:08","slug":"uber","status":"publish","type":"page","link":"https:\/\/www.spotsurfmaroc.com\/de\/uber\/","title":{"rendered":"\u00dcber"},"content":{"rendered":"<div data-elementor-type=\"wp-post\" data-elementor-id=\"1004\" class=\"elementor elementor-1004\" data-elementor-post-type=\"page\">\n\t\t\t\t\t\t<section class=\"elementor-section elementor-top-section elementor-element elementor-element-28d7a9a8 elementor-section-stretched elementor-section-boxed elementor-section-height-default elementor-section-height-default\" data-id=\"28d7a9a8\" data-element_type=\"section\" data-e-type=\"section\" data-settings=\"{&quot;stretch_section&quot;:&quot;section-stretched&quot;,&quot;background_background&quot;:&quot;classic&quot;}\">\n\t\t\t\t\t\t<div class=\"elementor-container elementor-column-gap-default\">\n\t\t\t\t\t<div class=\"elementor-column elementor-col-100 elementor-top-column elementor-element elementor-element-585bfc6d\" data-id=\"585bfc6d\" data-element_type=\"column\" data-e-type=\"column\">\n\t\t\t<div class=\"elementor-widget-wrap elementor-element-populated\">\n\t\t\t\t\t\t<section class=\"elementor-section elementor-inner-section elementor-element elementor-element-35cbf0ea elementor-section-boxed elementor-section-height-default elementor-section-height-default\" data-id=\"35cbf0ea\" data-element_type=\"section\" data-e-type=\"section\">\n\t\t\t\t\t\t<div class=\"elementor-container elementor-column-gap-default\">\n\t\t\t\t\t<div class=\"elementor-column elementor-col-50 elementor-inner-column elementor-element elementor-element-26a1609a\" data-id=\"26a1609a\" data-element_type=\"column\" data-e-type=\"column\">\n\t\t\t<div class=\"elementor-widget-wrap elementor-element-populated\">\n\t\t\t\t\t\t<div class=\"elementor-element elementor-element-64a60170 elementor-invisible elementor-widget elementor-widget-heading\" data-id=\"64a60170\" data-element_type=\"widget\" data-e-type=\"widget\" data-settings=\"{&quot;_animation&quot;:&quot;fadeInUp&quot;}\" data-widget_type=\"heading.default\">\n\t\t\t\t<div class=\"elementor-widget-container\">\n\t\t\t\t\t<h1 class=\"elementor-heading-title elementor-size-default\">\u00dcber Spot Surf Maroc\n<\/h1>\t\t\t\t<\/div>\n\t\t\t\t<\/div>\n\t\t\t\t\t<\/div>\n\t\t<\/div>\n\t\t\t\t<div class=\"elementor-column elementor-col-50 elementor-inner-column elementor-element elementor-element-bf6295e\" data-id=\"bf6295e\" data-element_type=\"column\" data-e-type=\"column\">\n\t\t\t<div class=\"elementor-widget-wrap\">\n\t\t\t\t\t\t\t<\/div>\n\t\t<\/div>\n\t\t\t\t\t<\/div>\n\t\t<\/section>\n\t\t\t\t\t<\/div>\n\t\t<\/div>\n\t\t\t\t\t<\/div>\n\t\t<\/section>\n\t\t\t\t<section class=\"elementor-section elementor-top-section elementor-element elementor-element-983905d elementor-section-boxed elementor-section-height-default elementor-section-height-default\" data-id=\"983905d\" data-element_type=\"section\" data-e-type=\"section\">\n\t\t\t\t\t\t<div class=\"elementor-container elementor-column-gap-wider\">\n\t\t\t\t\t<div class=\"elementor-column elementor-col-50 elementor-top-column elementor-element elementor-element-7310116 elementor-invisible\" data-id=\"7310116\" data-element_type=\"column\" data-e-type=\"column\" data-settings=\"{&quot;animation&quot;:&quot;fadeIn&quot;}\">\n\t\t\t<div class=\"elementor-widget-wrap elementor-element-populated\">\n\t\t\t\t\t\t<div class=\"elementor-element elementor-element-e710402 elementor-widget elementor-widget-text-editor\" data-id=\"e710402\" data-element_type=\"widget\" data-e-type=\"widget\" data-widget_type=\"text-editor.default\">\n\t\t\t\t<div class=\"elementor-widget-container\">\n\t\t\t\t\t\t\t\t\t<div class=\"elementor-element elementor-element-b2657e0 elementor-widget elementor-widget-text-editor\" data-id=\"b2657e0\" data-element_type=\"widget\" data-widget_type=\"text-editor.default\"><div class=\"elementor-widget-container\"><p>Taghazout ist ein Paradies f\u00fcr Surfer und gilt als einer der besten Surfspots Marokkos, egal ob Sie Anf\u00e4nger oder Fortgeschrittener sind. Zus\u00e4tzlich zu unseren hauseigenen Yogalehrern verf\u00fcgen wir \u00fcber Surflehrer, Surfbretter und Neoprenanz\u00fcge.<\/p><p>We are ranked as one of the best surf & yoga camps in Taghazout Bay Tamraght. Our good feedback includes the great local food, the pleasant atmosphere of the camp and our good surf and yoga instructors. We want to be the best in price and quality, and our guests often come back!<\/p><p>Wir haben mehr als 15 Jahre Erfahrung im Surfen.<\/p><\/div><\/div>\t\t\t\t\t\t\t\t<\/div>\n\t\t\t\t<\/div>\n\t\t\t\t\t<\/div>\n\t\t<\/div>\n\t\t\t\t<div class=\"elementor-column elementor-col-50 elementor-top-column elementor-element elementor-element-34c609e elementor-invisible\" data-id=\"34c609e\" data-element_type=\"column\" data-e-type=\"column\" data-settings=\"{&quot;animation&quot;:&quot;fadeIn&quot;,&quot;animation_delay&quot;:200}\">\n\t\t\t<div class=\"elementor-widget-wrap elementor-element-populated\">\n\t\t\t\t\t\t<div class=\"elementor-element elementor-element-3c6e851 elementor-widget elementor-widget-image\" data-id=\"3c6e851\" data-element_type=\"widget\" data-e-type=\"widget\" data-widget_type=\"image.default\">\n\t\t\t\t<div class=\"elementor-widget-container\">\n\t\t\t\t\t\t\t\t\t\t\t\t\t\t\t<img fetchpriority=\"high\" decoding=\"async\" width=\"1024\" height=\"874\" src=\"https:\/\/www.spotsurfmaroc.com\/wp-content\/uploads\/2021\/09\/www.spotsurfmaroc-24-3-1024x874.jpg\" class=\"attachment-large size-large wp-image-6935\" alt=\"Spot surfen marokko\" srcset=\"https:\/\/www.spotsurfmaroc.com\/wp-content\/uploads\/2021\/09\/www.spotsurfmaroc-24-3-1024x874.jpg 1024w, https:\/\/www.spotsurfmaroc.com\/wp-content\/uploads\/2021\/09\/www.spotsurfmaroc-24-3-150x128.jpg 150w, https:\/\/www.spotsurfmaroc.com\/wp-content\/uploads\/2021\/09\/www.spotsurfmaroc-24-3-600x512.jpg 600w, https:\/\/www.spotsurfmaroc.com\/wp-content\/uploads\/2021\/09\/www.spotsurfmaroc-24-3-300x256.jpg 300w, https:\/\/www.spotsurfmaroc.com\/wp-content\/uploads\/2021\/09\/www.spotsurfmaroc-24-3-768x655.jpg 768w, https:\/\/www.spotsurfmaroc.com\/wp-content\/uploads\/2021\/09\/www.spotsurfmaroc-24-3-990x845.jpg 990w, https:\/\/www.spotsurfmaroc.com\/wp-content\/uploads\/2021\/09\/www.spotsurfmaroc-24-3-441x376.jpg 441w, https:\/\/www.spotsurfmaroc.com\/wp-content\/uploads\/2021\/09\/www.spotsurfmaroc-24-3.jpg 1500w\" sizes=\"(max-width: 360px) 147px, (max-width: 1024px) 100vw, 1024px\" \/>\t\t\t\t\t\t\t\t\t\t\t\t\t\t\t<\/div>\n\t\t\t\t<\/div>\n\t\t\t\t\t<\/div>\n\t\t<\/div>\n\t\t\t\t\t<\/div>\n\t\t<\/section>\n\t\t\t\t<section class=\"elementor-section elementor-top-section elementor-element elementor-element-bb36c6f elementor-section-boxed elementor-section-height-default elementor-section-height-default\" data-id=\"bb36c6f\" data-element_type=\"section\" data-e-type=\"section\">\n\t\t\t\t\t\t<div class=\"elementor-container elementor-column-gap-wider\">\n\t\t\t\t\t<div class=\"elementor-column elementor-col-50 elementor-top-column elementor-element elementor-element-2880450 elementor-invisible\" data-id=\"2880450\" data-element_type=\"column\" data-e-type=\"column\" data-settings=\"{&quot;animation&quot;:&quot;fadeIn&quot;}\">\n\t\t\t<div class=\"elementor-widget-wrap elementor-element-populated\">\n\t\t\t\t\t\t<div class=\"elementor-element elementor-element-affa6cd elementor-widget elementor-widget-image\" data-id=\"affa6cd\" data-element_type=\"widget\" data-e-type=\"widget\" data-widget_type=\"image.default\">\n\t\t\t\t<div class=\"elementor-widget-container\">\n\t\t\t\t\t\t\t\t\t\t\t\t\t\t\t<img decoding=\"async\" width=\"874\" height=\"1024\" src=\"https:\/\/www.spotsurfmaroc.com\/wp-content\/uploads\/2021\/09\/www.spotsurfmaroc-38-874x1024.jpg\" class=\"attachment-large size-large wp-image-6936\" alt=\"Spot surfen marokko\" srcset=\"https:\/\/www.spotsurfmaroc.com\/wp-content\/uploads\/2021\/09\/www.spotsurfmaroc-38-874x1024.jpg 874w, https:\/\/www.spotsurfmaroc.com\/wp-content\/uploads\/2021\/09\/www.spotsurfmaroc-38-150x176.jpg 150w, https:\/\/www.spotsurfmaroc.com\/wp-content\/uploads\/2021\/09\/www.spotsurfmaroc-38-600x703.jpg 600w, https:\/\/www.spotsurfmaroc.com\/wp-content\/uploads\/2021\/09\/www.spotsurfmaroc-38-256x300.jpg 256w, https:\/\/www.spotsurfmaroc.com\/wp-content\/uploads\/2021\/09\/www.spotsurfmaroc-38-768x900.jpg 768w, https:\/\/www.spotsurfmaroc.com\/wp-content\/uploads\/2021\/09\/www.spotsurfmaroc-38-990x1160.jpg 990w, https:\/\/www.spotsurfmaroc.com\/wp-content\/uploads\/2021\/09\/www.spotsurfmaroc-38-441x517.jpg 441w, https:\/\/www.spotsurfmaroc.com\/wp-content\/uploads\/2021\/09\/www.spotsurfmaroc-38.jpg 1280w\" sizes=\"(max-width: 360px) 147px, (max-width: 874px) 100vw, 874px\" \/>\t\t\t\t\t\t\t\t\t\t\t\t\t\t\t<\/div>\n\t\t\t\t<\/div>\n\t\t\t\t\t<\/div>\n\t\t<\/div>\n\t\t\t\t<div class=\"elementor-column elementor-col-50 elementor-top-column elementor-element elementor-element-7899afa elementor-invisible\" data-id=\"7899afa\" data-element_type=\"column\" data-e-type=\"column\" data-settings=\"{&quot;animation&quot;:&quot;fadeIn&quot;,&quot;animation_delay&quot;:200}\">\n\t\t\t<div class=\"elementor-widget-wrap elementor-element-populated\">\n\t\t\t\t\t\t<div class=\"elementor-element elementor-element-04da751 elementor-widget elementor-widget-text-editor\" data-id=\"04da751\" data-element_type=\"widget\" data-e-type=\"widget\" data-widget_type=\"text-editor.default\">\n\t\t\t\t<div class=\"elementor-widget-container\">\n\t\t\t\t\t\t\t\t\t<div class=\"elementor-element elementor-element-8bf9f70 elementor-widget elementor-widget-text-editor\" data-id=\"8bf9f70\" data-element_type=\"widget\" data-widget_type=\"text-editor.default\"><div class=\"elementor-widget-container\"><p>Spot Surf Maroc is situated in walking distance from the beach and close to some of the country\u2019s best surf spots. Located in the heart of Taghazout Bay Tamraght, our surf camp provides an authentic experience and an excellent base for your adventure holiday. In addition to our in-house yoga teachers, we have surf instructors, surfboards and wet-suits.<\/p><\/div><\/div>\t\t\t\t\t\t\t\t<\/div>\n\t\t\t\t<\/div>\n\t\t\t\t\t<\/div>\n\t\t<\/div>\n\t\t\t\t\t<\/div>\n\t\t<\/section>\n\t\t\t\t<\/div>","protected":false},"excerpt":{"rendered":"<p>About Spot Surf Maroc Taghazout is a surfer\u2019s paradise and is known as one of Morocco\u2019s best surf spots, whether you are a beginner or a novice. In addition to our in-house yoga teachers, we have surf instructors, surfboards and wet-suits. We are ranked as one of the best surf &#038; yoga camps in Taghazout [&hellip;]<\/p>\n","protected":false},"author":1,"featured_media":0,"parent":0,"menu_order":0,"comment_status":"closed","ping_status":"closed","template":"template-fullwidth-no-heading.php","meta":{"footnotes":""},"class_list":["post-1004","page","type-page","status-publish","hentry"],"yoast_head":"<!-- This site is optimized with the Yoast SEO Premium plugin v27.1 (Yoast SEO v27.1.1) - https:\/\/yoast.com\/product\/yoast-seo-premium-wordpress\/ -->\n<title>About<\/title>\n<meta name=\"robots\" content=\"index, follow, max-snippet:-1, max-image-preview:large, max-video-preview:-1\" \/>\n<link rel=\"canonical\" href=\"https:\/\/www.spotsurfmaroc.com\/de\/uber\/\" \/>\n<meta property=\"og:locale\" content=\"de_DE\" \/>\n<meta property=\"og:type\" content=\"article\" \/>\n<meta property=\"og:title\" content=\"About\" \/>\n<meta property=\"og:description\" content=\"Spot Surf Maroc, located in the Holy Sanctuary of Surf Taghazout, Morocco, is a small and relaxed village situated about 17km from the center of Agadir. There are several world-class surf spots within walking distance. The area gets 330 days of sunshine per year, which becomes apparent when you look at the environment.You are on the side of the Sahara Desert.\" \/>\n<meta property=\"og:url\" content=\"https:\/\/www.spotsurfmaroc.com\/de\/uber\/\" \/>\n<meta property=\"og:site_name\" content=\"Spot Surf Maroc\" \/>\n<meta property=\"article:modified_time\" content=\"2025-10-02T20:54:08+00:00\" \/>\n<meta property=\"og:image\" content=\"https:\/\/www.spotsurfmaroc.com\/wp-content\/uploads\/2021\/09\/www.spotsurfmaroc-24-3.jpg\" \/>\n\t<meta property=\"og:image:width\" content=\"1500\" \/>\n\t<meta property=\"og:image:height\" content=\"1280\" \/>\n\t<meta property=\"og:image:type\" content=\"image\/jpeg\" \/>\n<meta name=\"twitter:card\" content=\"summary_large_image\" \/>\n<meta name=\"twitter:label1\" content=\"Gesch\u00e4tzte Lesezeit\" \/>\n\t<meta name=\"twitter:data1\" content=\"2\u00a0Minuten\" \/>\n<script type=\"application\/ld+json\" class=\"yoast-schema-graph\">{\"@context\":\"https:\/\/schema.org\",\"@graph\":[{\"@type\":\"WebPage\",\"@id\":\"https:\/\/www.spotsurfmaroc.com\/about\/\",\"url\":\"https:\/\/www.spotsurfmaroc.com\/about\/\",\"name\":\"About\",\"isPartOf\":{\"@id\":\"https:\/\/www.spotsurfmaroc.com\/#website\"},\"primaryImageOfPage\":{\"@id\":\"https:\/\/www.spotsurfmaroc.com\/about\/#primaryimage\"},\"image\":{\"@id\":\"https:\/\/www.spotsurfmaroc.com\/about\/#primaryimage\"},\"thumbnailUrl\":\"https:\/\/www.spotsurfmaroc.com\/wp-content\/uploads\/2021\/09\/www.spotsurfmaroc-24-3-1024x874.jpg\",\"datePublished\":\"2020-10-09T13:39:05+00:00\",\"dateModified\":\"2025-10-02T20:54:08+00:00\",\"breadcrumb\":{\"@id\":\"https:\/\/www.spotsurfmaroc.com\/about\/#breadcrumb\"},\"inLanguage\":\"de\",\"potentialAction\":[{\"@type\":\"ReadAction\",\"target\":[\"https:\/\/www.spotsurfmaroc.com\/about\/\"]}]},{\"@type\":\"ImageObject\",\"inLanguage\":\"de\",\"@id\":\"https:\/\/www.spotsurfmaroc.com\/about\/#primaryimage\",\"url\":\"https:\/\/www.spotsurfmaroc.com\/wp-content\/uploads\/2021\/09\/www.spotsurfmaroc-24-3-1024x874.jpg\",\"contentUrl\":\"https:\/\/www.spotsurfmaroc.com\/wp-content\/uploads\/2021\/09\/www.spotsurfmaroc-24-3-1024x874.jpg\"},{\"@type\":\"BreadcrumbList\",\"@id\":\"https:\/\/www.spotsurfmaroc.com\/about\/#breadcrumb\",\"itemListElement\":[{\"@type\":\"ListItem\",\"position\":1,\"name\":\"Home\",\"item\":\"https:\/\/www.spotsurfmaroc.com\/\"},{\"@type\":\"ListItem\",\"position\":2,\"name\":\"About\"}]},{\"@type\":\"WebSite\",\"@id\":\"https:\/\/www.spotsurfmaroc.com\/#website\",\"url\":\"https:\/\/www.spotsurfmaroc.com\/\",\"name\":\"Spot Surf Maroc\",\"description\":\"Get Ready For Epic Surf Holiday\",\"publisher\":{\"@id\":\"https:\/\/www.spotsurfmaroc.com\/#organization\"},\"potentialAction\":[{\"@type\":\"SearchAction\",\"target\":{\"@type\":\"EntryPoint\",\"urlTemplate\":\"https:\/\/www.spotsurfmaroc.com\/?s={search_term_string}\"},\"query-input\":{\"@type\":\"PropertyValueSpecification\",\"valueRequired\":true,\"valueName\":\"search_term_string\"}}],\"inLanguage\":\"de\"},{\"@type\":\"Organization\",\"@id\":\"https:\/\/www.spotsurfmaroc.com\/#organization\",\"name\":\"Sopt Surf Maroc\",\"url\":\"https:\/\/www.spotsurfmaroc.com\/\",\"logo\":{\"@type\":\"ImageObject\",\"inLanguage\":\"de\",\"@id\":\"https:\/\/www.spotsurfmaroc.com\/#\/schema\/logo\/image\/\",\"url\":\"https:\/\/www.spotsurfmaroc.com\/wp-content\/uploads\/2021\/09\/cropped-spotsurfmaroc-1.png\",\"contentUrl\":\"https:\/\/www.spotsurfmaroc.com\/wp-content\/uploads\/2021\/09\/cropped-spotsurfmaroc-1.png\",\"width\":374,\"height\":269,\"caption\":\"Sopt Surf Maroc\"},\"image\":{\"@id\":\"https:\/\/www.spotsurfmaroc.com\/#\/schema\/logo\/image\/\"}}]}<\/script>\n<!-- \/ Yoast SEO Premium plugin. -->","yoast_head_json":{"title":"\u00dcber","robots":{"index":"index","follow":"follow","max-snippet":"max-snippet:-1","max-image-preview":"max-image-preview:large","max-video-preview":"max-video-preview:-1"},"canonical":"https:\/\/www.spotsurfmaroc.com\/de\/uber\/","og_locale":"de_DE","og_type":"article","og_title":"About","og_description":"Spot Surf Maroc, located in the Holy Sanctuary of Surf Taghazout, Morocco, is a small and relaxed village situated about 17km from the center of Agadir. There are several world-class surf spots within walking distance. The area gets 330 days of sunshine per year, which becomes apparent when you look at the environment.You are on the side of the Sahara Desert.","og_url":"https:\/\/www.spotsurfmaroc.com\/de\/uber\/","og_site_name":"Spot Surf Maroc","article_modified_time":"2025-10-02T20:54:08+00:00","og_image":[{"width":1500,"height":1280,"url":"https:\/\/www.spotsurfmaroc.com\/wp-content\/uploads\/2021\/09\/www.spotsurfmaroc-24-3.jpg","type":"image\/jpeg"}],"twitter_card":"summary_large_image","twitter_misc":{"Gesch\u00e4tzte Lesezeit":"2\u00a0Minuten"},"schema":{"@context":"https:\/\/schema.org","@graph":[{"@type":"WebPage","@id":"https:\/\/www.spotsurfmaroc.com\/about\/","url":"https:\/\/www.spotsurfmaroc.com\/about\/","name":"\u00dcber","isPartOf":{"@id":"https:\/\/www.spotsurfmaroc.com\/#website"},"primaryImageOfPage":{"@id":"https:\/\/www.spotsurfmaroc.com\/about\/#primaryimage"},"image":{"@id":"https:\/\/www.spotsurfmaroc.com\/about\/#primaryimage"},"thumbnailUrl":"https:\/\/www.spotsurfmaroc.com\/wp-content\/uploads\/2021\/09\/www.spotsurfmaroc-24-3-1024x874.jpg","datePublished":"2020-10-09T13:39:05+00:00","dateModified":"2025-10-02T20:54:08+00:00","breadcrumb":{"@id":"https:\/\/www.spotsurfmaroc.com\/about\/#breadcrumb"},"inLanguage":"de","potentialAction":[{"@type":"ReadAction","target":["https:\/\/www.spotsurfmaroc.com\/about\/"]}]},{"@type":"ImageObject","inLanguage":"de","@id":"https:\/\/www.spotsurfmaroc.com\/about\/#primaryimage","url":"https:\/\/www.spotsurfmaroc.com\/wp-content\/uploads\/2021\/09\/www.spotsurfmaroc-24-3-1024x874.jpg","contentUrl":"https:\/\/www.spotsurfmaroc.com\/wp-content\/uploads\/2021\/09\/www.spotsurfmaroc-24-3-1024x874.jpg"},{"@type":"BreadcrumbList","@id":"https:\/\/www.spotsurfmaroc.com\/about\/#breadcrumb","itemListElement":[{"@type":"ListItem","position":1,"name":"Home","item":"https:\/\/www.spotsurfmaroc.com\/"},{"@type":"ListItem","position":2,"name":"About"}]},{"@type":"WebSite","@id":"https:\/\/www.spotsurfmaroc.com\/#website","url":"https:\/\/www.spotsurfmaroc.com\/","name":"Spot Surf Maroc","description":"Mach dich bereit f\u00fcr epischen Surfurlaub","publisher":{"@id":"https:\/\/www.spotsurfmaroc.com\/#organization"},"potentialAction":[{"@type":"SearchAction","target":{"@type":"EntryPoint","urlTemplate":"https:\/\/www.spotsurfmaroc.com\/?s={search_term_string}"},"query-input":{"@type":"PropertyValueSpecification","valueRequired":true,"valueName":"search_term_string"}}],"inLanguage":"de"},{"@type":"Organization","@id":"https:\/\/www.spotsurfmaroc.com\/#organization","name":"Sopt Surf Maroc","url":"https:\/\/www.spotsurfmaroc.com\/","logo":{"@type":"ImageObject","inLanguage":"de","@id":"https:\/\/www.spotsurfmaroc.com\/#\/schema\/logo\/image\/","url":"https:\/\/www.spotsurfmaroc.com\/wp-content\/uploads\/2021\/09\/cropped-spotsurfmaroc-1.png","contentUrl":"https:\/\/www.spotsurfmaroc.com\/wp-content\/uploads\/2021\/09\/cropped-spotsurfmaroc-1.png","width":374,"height":269,"caption":"Sopt Surf Maroc"},"image":{"@id":"https:\/\/www.spotsurfmaroc.com\/#\/schema\/logo\/image\/"}}]}},"_links":{"self":[{"href":"https:\/\/www.spotsurfmaroc.com\/de\/wp-json\/wp\/v2\/pages\/1004","targetHints":{"allow":["GET"]}}],"collection":[{"href":"https:\/\/www.spotsurfmaroc.com\/de\/wp-json\/wp\/v2\/pages"}],"about":[{"href":"https:\/\/www.spotsurfmaroc.com\/de\/wp-json\/wp\/v2\/types\/page"}],"author":[{"embeddable":true,"href":"https:\/\/www.spotsurfmaroc.com\/de\/wp-json\/wp\/v2\/users\/1"}],"replies":[{"embeddable":true,"href":"https:\/\/www.spotsurfmaroc.com\/de\/wp-json\/wp\/v2\/comments?post=1004"}],"version-history":[{"count":0,"href":"https:\/\/www.spotsurfmaroc.com\/de\/wp-json\/wp\/v2\/pages\/1004\/revisions"}],"wp:attachment":[{"href":"https:\/\/www.spotsurfmaroc.com\/de\/wp-json\/wp\/v2\/media?parent=1004"}],"curies":[{"name":"wp","href":"https:\/\/api.w.org\/{rel}","templated":true}]}}